{"id":79,"date":"2023-09-06T13:53:00","date_gmt":"2023-09-06T11:53:00","guid":{"rendered":"http:\/\/langageetintegration.com\/index.php\/accueil-2\/"},"modified":"2023-09-07T10:33:43","modified_gmt":"2023-09-07T08:33:43","slug":"accueil-2","status":"publish","type":"page","link":"https:\/\/langageetintegration.com\/index.php\/accueil-2\/","title":{"rendered":"Accueil 2"},"content":{"rendered":"<p>Exemple de texte. Cliquez pour s\u00e9lectionner l&rsquo;\u00e9l\u00e9ment de texte.Exemple de texte. Cliquez pour s\u00e9lectionner l&rsquo;\u00e9l\u00e9ment de texte.Exemple de texte. Cliquez pour s\u00e9lectionner l&rsquo;\u00e9l\u00e9ment de texte.Exemple de texte. Cliquez pour s\u00e9lectionner l&rsquo;\u00e9l\u00e9ment de texte.Exemple de texte. Cliquez pour s\u00e9lectionner l&rsquo;\u00e9l\u00e9ment de texte.Exemple de texte. Cliquez pour s\u00e9lectionner l&rsquo;\u00e9l\u00e9ment de texte.Exemple de texte. Cliquez pour s\u00e9lectionner l&rsquo;\u00e9l\u00e9ment de texte.Exemple de texte. Cliquez pour s\u00e9lectionner l&rsquo;\u00e9l\u00e9ment de texte.Exemple de texte. Cliquez pour s\u00e9lectionner l&rsquo;\u00e9l\u00e9ment de texte.Exemple de texte. Cliquez pour s\u00e9lectionner l&rsquo;\u00e9l\u00e9ment de texte.Exemple de texte. Cliquez pour s\u00e9lectionner l&rsquo;\u00e9l\u00e9ment de texte.Exemple de texte. Cliquez pour s\u00e9lectionner l&rsquo;\u00e9l\u00e9ment de texte.Exemple de texte. Cliquez pour s\u00e9lectionner l&rsquo;\u00e9l\u00e9ment de texte.<\/p>\n<p>        contact@asso-li.fr<br \/>\n        T\u00e9l\u00e9charcher le document<\/p>\n<p>          Langage &amp; Int\u00e9gratiON<\/p>\n<p>        Association technique apajh<\/p>\n<p>         &nbsp;VOTRE NOUVEAU SITE bient\u00f4t disponible !<\/p>\n<p>            Copyright \u00ae&nbsp;<\/p>\n<p>          Association APAJH&nbsp;Tous droits r\u00e9serv\u00e9s<\/p>\n","protected":false},"excerpt":{"rendered":"<p>Exemple de texte. Cliquez pour s\u00e9lectionner l&rsquo;\u00e9l\u00e9ment de texte.Exemple de texte. Cliquez pour s\u00e9lectionner l&rsquo;\u00e9l\u00e9ment de texte.Exemple de texte. Cliquez [&hellip;]<\/p>\n","protected":false},"author":1,"featured_media":0,"parent":0,"menu_order":13,"comment_status":"closed","ping_status":"closed","template":"","meta":{"_uag_custom_page_level_css":"","site-sidebar-layout":"default","site-content-layout":"","ast-site-content-layout":"default","site-content-style":"default","site-sidebar-style":"default","ast-global-header-display":"","ast-banner-title-visibility":"","ast-main-header-display":"","ast-hfb-above-header-display":"","ast-hfb-below-header-display":"","ast-hfb-mobile-header-display":"","site-post-title":"","ast-breadcrumbs-content":"","ast-featured-img":"","footer-sml-layout":"","ast-disable-related-posts":"","theme-transparent-header-meta":"","adv-header-id-meta":"","stick-header-meta":"","header-above-stick-meta":"","header-main-stick-meta":"","header-below-stick-meta":"","astra-migrate-meta-layouts":"default","ast-page-background-enabled":"default","ast-page-background-meta":{"desktop":{"background-color":"var(--ast-global-color-5)","background-image":"","background-repeat":"repeat","background-position":"center center","background-size":"auto","background-attachment":"scroll","background-type":"","background-media":"","overlay-type":"","overlay-color":"","overlay-opacity":"","overlay-gradient":""},"tablet":{"background-color":"","background-image":"","background-repeat":"repeat","background-position":"center center","background-size":"auto","background-attachment":"scroll","background-type":"","background-media":"","overlay-type":"","overlay-color":"","overlay-opacity":"","overlay-gradient":""},"mobile":{"background-color":"","background-image":"","background-repeat":"repeat","background-position":"center center","background-size":"auto","background-attachment":"scroll","background-type":"","background-media":"","overlay-type":"","overlay-color":"","overlay-opacity":"","overlay-gradient":""}},"ast-content-background-meta":{"desktop":{"background-color":"var(--ast-global-color-4)","background-image":"","background-repeat":"repeat","background-position":"center center","background-size":"auto","background-attachment":"scroll","background-type":"","background-media":"","overlay-type":"","overlay-color":"","overlay-opacity":"","overlay-gradient":""},"tablet":{"background-color":"var(--ast-global-color-4)","background-image":"","background-repeat":"repeat","background-position":"center center","background-size":"auto","background-attachment":"scroll","background-type":"","background-media":"","overlay-type":"","overlay-color":"","overlay-opacity":"","overlay-gradient":""},"mobile":{"background-color":"var(--ast-global-color-4)","background-image":"","background-repeat":"repeat","background-position":"center center","background-size":"auto","background-attachment":"scroll","background-type":"","background-media":"","overlay-type":"","overlay-color":"","overlay-opacity":"","overlay-gradient":""}},"footnotes":""},"class_list":["post-79","page","type-page","status-publish","hentry"],"uagb_featured_image_src":{"full":false,"thumbnail":false,"medium":false,"medium_large":false,"large":false,"1536x1536":false,"2048x2048":false},"uagb_author_info":{"display_name":"Carole hadjimladis","author_link":"https:\/\/langageetintegration.com\/index.php\/author\/admin6879\/"},"uagb_comment_info":0,"uagb_excerpt":"Exemple de texte. Cliquez pour s\u00e9lectionner l&rsquo;\u00e9l\u00e9ment de texte.Exemple de texte. Cliquez pour s\u00e9lectionner l&rsquo;\u00e9l\u00e9ment de texte.Exemple de texte. Cliquez [&hellip;]","_links":{"self":[{"href":"https:\/\/langageetintegration.com\/index.php\/wp-json\/wp\/v2\/pages\/79","targetHints":{"allow":["GET"]}}],"collection":[{"href":"https:\/\/langageetintegration.com\/index.php\/wp-json\/wp\/v2\/pages"}],"about":[{"href":"https:\/\/langageetintegration.com\/index.php\/wp-json\/wp\/v2\/types\/page"}],"author":[{"embeddable":true,"href":"https:\/\/langageetintegration.com\/index.php\/wp-json\/wp\/v2\/users\/1"}],"replies":[{"embeddable":true,"href":"https:\/\/langageetintegration.com\/index.php\/wp-json\/wp\/v2\/comments?post=79"}],"version-history":[{"count":2,"href":"https:\/\/langageetintegration.com\/index.php\/wp-json\/wp\/v2\/pages\/79\/revisions"}],"predecessor-version":[{"id":116,"href":"https:\/\/langageetintegration.com\/index.php\/wp-json\/wp\/v2\/pages\/79\/revisions\/116"}],"wp:attachment":[{"href":"https:\/\/langageetintegration.com\/index.php\/wp-json\/wp\/v2\/media?parent=79"}],"curies":[{"name":"wp","href":"https:\/\/api.w.org\/{rel}","templated":true}]}}