{"id":77,"date":"2023-09-06T13:52:58","date_gmt":"2023-09-06T11:52:58","guid":{"rendered":"http:\/\/langageetintegration.com\/index.php\/etablissements\/"},"modified":"2023-09-06T13:53:03","modified_gmt":"2023-09-06T11:53:03","slug":"etablissements","status":"publish","type":"page","link":"https:\/\/langageetintegration.com\/index.php\/etablissements\/","title":{"rendered":"Etablissements"},"content":{"rendered":"<p>Nos 7 \u00c9tablissements<\/p>\n<p>              SAFEP<br \/>\n              (Service d\u2019Accompagnement Familial et d\u2019\u00c9ducation Pr\u00e9coce),&nbsp;<\/p>\n<p>              IDA<br \/>\n              (Institut pour D\u00e9ficients Auditifs)<\/p>\n<p>              SESSAD<\/p>\n<p>              (Services d&rsquo;\u00c9ducation Sp\u00e9ciale et de Soins \u00e0 Domicile)<\/p>\n<p>                   L\u2019association Langage &amp; Int\u00e9gration \u2013 APAJH permet \u00e0 des enfants et<br \/>\nadolescents sourds ou porteurs de Troubles Sp\u00e9cifiques du Langage de<br \/>\ns\u2019ins\u00e9rer socialement et professionnellement dans la soci\u00e9t\u00e9. Aujourd\u2019hui, c\u2019est un peu plus de&nbsp;600&nbsp;enfants et adolescents qui sont<br \/>\npris en charge dans 7 structures m\u00e9dico-sociales&nbsp;d\u2019Ile de France et de<br \/>\nl\u2019Oise.<\/p>\n<p>                    CELEM (75)<br \/>\n                    Le CELEM est constitu\u00e9 d\u2019un \u00e9tablissement (IDA) et d\u2019un service (SESSAD) sp\u00e9cialis\u00e9s.&nbsp;&nbsp;Il scolarise ou accompagne des enfants sourds ou malentendants de 3 \u00e0 20 ans habitant Paris ou la petite couronne (92 \u2013 93). Sa capacit\u00e9 d\u2019accueil totale est de 49 places.&nbsp;<\/p>\n<p>                    T\u00e9l\u00e9charger&nbsp;le Livret&nbsp;d&rsquo;accueil (.pdf 3,5 Mo)<\/p>\n<p>                     ACCUEIL DA :<br \/>\n                     97 rue de Montreuil&nbsp;75011 Paris<\/p>\n<p>                    &nbsp;&nbsp;01.42.81.28.82<\/p>\n<p>                       Email : contact.li94@asso-li.fr<\/p>\n<p>                    CSL Albert Camus (91)<br \/>\n                     Le Centre Surdit\u00e9 Langage Albert Camus (CSLAC) est un des sept \u00e9tablissements g\u00e9r\u00e9s par l\u2019Association Langage &amp; Int\u00e9gration.&nbsp;&nbsp;Le Centre Surdit\u00e9 Langage est agr\u00e9\u00e9 pour prendre en charge des enfants<br \/>\net des jeunes atteints de surdit\u00e9 et\/ou de troubles sp\u00e9cifiques s\u00e9v\u00e8res<br \/>\ndu langage.<\/p>\n<p>                     T\u00e9l\u00e9charger&nbsp;le Livret&nbsp;d&rsquo;accueil (.pdf 4 Mo)<\/p>\n<p>                     ACCUEIL DA et TSLA :<br \/>\n                     2 All\u00e9e de Nancy&nbsp;91300 Massy<\/p>\n<p>                    &nbsp;&nbsp;01.69.30.23.69<\/p>\n<p>                      Email :<br \/>\n                      contact.csl@asso-li.fr<\/p>\n<p>                    Centre Gatinot (91)<br \/>\n                    Le r\u00f4le du SAFEP Gatinot est d\u2019accueillir les familles, de les accompagner dans la d\u00e9couverte de la surdit\u00e9, d\u2019aider \u00e0 l\u2019\u00e9mergence du langage et de favoriser la r\u00e9ussite des appareillages. Il&nbsp;<br \/>\ncomprend plusieurs corps de m\u00e9tiers, coordonn\u00e9s par une psychologue et une assistante sociale. <\/p>\n<p>                     T\u00e9l\u00e9charger&nbsp;le Livret&nbsp;d&rsquo;accueil (.pdf 3,9 Mo)<\/p>\n<p>                     ACCUEIL DA et TSLA :<br \/>\n                     Place du Mar\u00e9chal Joffre&nbsp;&nbsp;91230 Montgeron&nbsp;<\/p>\n<p>                    &nbsp;\u200b<br \/>\n01.69.03.56.27&nbsp;<\/p>\n<p>                      E\u200bmail : contact.gatinot@asso-li.fr <\/p>\n<p>                    CRESN (93)<br \/>\n                     Le CRESN est un \u00e9tablissement m\u00e9dico-social dont la mission consiste \u00e0 mettre<br \/>\nen \u0153uvre toute action destin\u00e9e \u00e0 favoriser l\u2019\u00e9panouissement des enfants<br \/>\net concourir \u00e0 une int\u00e9gration sociale r\u00e9ussie.Le CRESN accompagne des enfants d\u00e9ficients auditifs (DA) ou ayant un trouble sp\u00e9cifique du langage oral (TSLO).<\/p>\n<p>                     T\u00e9l\u00e9charger&nbsp;le Livretd&rsquo;accueil (.pdf 3,4 Mo)<\/p>\n<p>                     ACCUEIL DA et TSLA :<br \/>\n                     60 avenue Emile Cossonneau&nbsp;&nbsp;93160 Noisy le Grand&nbsp;<\/p>\n<p>                    &nbsp;\u200b<br \/>\n01.43.03.71.52 <\/p>\n<p>                       Email : contact.cresn@asso-li.fr <\/p>\n<p>                    SESSAD Cr\u00e9teil (94)<br \/>\n                     Service d\u2019Accompagnement et de Soutien \u00e0 l\u2019Education Familiale et \u00e0 la Scolarisation.&nbsp;<br \/>\nPour 90 enfants et jeunes d\u00e9ficients auditifs de 0 \u00e0 20 ans &#8211; dans le respect du projet associatif et ses valeurs-&nbsp;<br \/>\nVisant l\u2019Autonomie et la Socialisation, l\u2019Insertion sociale et professionnelle, au travers d\u2019un Accompa-gnement Individualis\u00e9 pluridisciplinaire.&nbsp;<\/p>\n<p>                     T\u00e9l\u00e9charger&nbsp;le Livret&nbsp;d&rsquo;accueil (.pdf 3,5 Mo)<\/p>\n<p>                     ACCUEIL DA :<br \/>\n                     86 boulevard&nbsp; Kennedy&nbsp;&nbsp;94000 Cr\u00e9teil&nbsp;<\/p>\n<p>                    &nbsp;\u200b<br \/>\n01.43.77.28.11 <\/p>\n<p>                       Email : contact.li94@asso-li.fr <\/p>\n<p>                    SESSAD Melun (77)<br \/>\n                     Service d\u2019Education Sp\u00e9ciale et de Soins \u00e0 Domicile qui accueille des enfants et adolescents de 0 \u00e0 20 ans pr\u00e9sentant une surdit\u00e9 moyenne avec difficult\u00e9s associ\u00e9es ou une surdit\u00e9 s\u00e9v\u00e8re ou profonde sans ou avec trouble associ\u00e9 n\u00e9cessitant l\u2019accompa-gnement d\u2019une \u00e9quipe pluridisciplinaire.&nbsp;&nbsp;<\/p>\n<p>                    T\u00e9l\u00e9charger&nbsp;le Livret&nbsp;d&rsquo;accueil (.pdf 3,6 Mo) <\/p>\n<p>                     ACCUEIL DA :<br \/>\n                     30 avenue Georges Pompidou&nbsp;77000 MELUN&nbsp;<\/p>\n<p>                    &nbsp; 01.60.56.57.87&nbsp;<\/p>\n<p>                       Email : contact.li77@asso-li.fr <\/p>\n<p>                    Centre Rabelais (60)<br \/>\n                     Institut pour d\u00e9ficients Auditifs (I.D.A) de 3 ans \u00e0 18 ans et d\u2019un Service d\u2019Education Sp\u00e9cialis\u00e9e et de Soins \u00e0 Domicile (S.E.S.S.A.D.) de 0 \u00e0 20 ans sur leurs diff\u00e9rents lieux de vie (\u00e9cole, domicile, activit\u00e9s extrascolaires\u2026).<\/p>\n<p>                     T\u00e9l\u00e9charger&nbsp;le Livret&nbsp;d&rsquo;accueil (.pdf 3,9 Mo) <\/p>\n<p>                    ACCUEIL DA et TSLA :<br \/>\n                     577, rue de la Croix Verte&nbsp;<br \/>\n60600 Agnetz&nbsp;<br \/>\n                    &nbsp; 01.60.56.57.87&nbsp;<\/p>\n<p>                       Email : contact.rabelais@asso-li.fr<\/p>\n","protected":false},"excerpt":{"rendered":"<p>Nos 7 \u00c9tablissements SAFEP (Service d\u2019Accompagnement Familial et d\u2019\u00c9ducation Pr\u00e9coce),&nbsp; IDA (Institut pour D\u00e9ficients Auditifs) SESSAD (Services d&rsquo;\u00c9ducation Sp\u00e9ciale et [&hellip;]<\/p>\n","protected":false},"author":1,"featured_media":0,"parent":0,"menu_order":11,"comment_status":"closed","ping_status":"closed","template":"","meta":{"_uag_custom_page_level_css":"","site-sidebar-layout":"default","site-content-layout":"","ast-site-content-layout":"default","site-content-style":"default","site-sidebar-style":"default","ast-global-header-display":"","ast-banner-title-visibility":"","ast-main-header-display":"","ast-hfb-above-header-display":"","ast-hfb-below-header-display":"","ast-hfb-mobile-header-display":"","site-post-title":"","ast-breadcrumbs-content":"","ast-featured-img":"","footer-sml-layout":"","ast-disable-related-posts":"","theme-transparent-header-meta":"","adv-header-id-meta":"","stick-header-meta":"","header-above-stick-meta":"","header-main-stick-meta":"","header-below-stick-meta":"","astra-migrate-meta-layouts":"default","ast-page-background-enabled":"default","ast-page-background-meta":{"desktop":{"background-color":"var(--ast-global-color-5)","background-image":"","background-repeat":"repeat","background-position":"center center","background-size":"auto","background-attachment":"scroll","background-type":"","background-media":"","overlay-type":"","overlay-color":"","overlay-opacity":"","overlay-gradient":""},"tablet":{"background-color":"","background-image":"","background-repeat":"repeat","background-position":"center center","background-size":"auto","background-attachment":"scroll","background-type":"","background-media":"","overlay-type":"","overlay-color":"","overlay-opacity":"","overlay-gradient":""},"mobile":{"background-color":"","background-image":"","background-repeat":"repeat","background-position":"center center","background-size":"auto","background-attachment":"scroll","background-type":"","background-media":"","overlay-type":"","overlay-color":"","overlay-opacity":"","overlay-gradient":""}},"ast-content-background-meta":{"desktop":{"background-color":"var(--ast-global-color-4)","background-image":"","background-repeat":"repeat","background-position":"center center","background-size":"auto","background-attachment":"scroll","background-type":"","background-media":"","overlay-type":"","overlay-color":"","overlay-opacity":"","overlay-gradient":""},"tablet":{"background-color":"var(--ast-global-color-4)","background-image":"","background-repeat":"repeat","background-position":"center center","background-size":"auto","background-attachment":"scroll","background-type":"","background-media":"","overlay-type":"","overlay-color":"","overlay-opacity":"","overlay-gradient":""},"mobile":{"background-color":"var(--ast-global-color-4)","background-image":"","background-repeat":"repeat","background-position":"center center","background-size":"auto","background-attachment":"scroll","background-type":"","background-media":"","overlay-type":"","overlay-color":"","overlay-opacity":"","overlay-gradient":""}},"footnotes":""},"class_list":["post-77","page","type-page","status-publish","hentry"],"uagb_featured_image_src":{"full":false,"thumbnail":false,"medium":false,"medium_large":false,"large":false,"1536x1536":false,"2048x2048":false},"uagb_author_info":{"display_name":"Carole hadjimladis","author_link":"https:\/\/langageetintegration.com\/index.php\/author\/admin6879\/"},"uagb_comment_info":0,"uagb_excerpt":"Nos 7 \u00c9tablissements SAFEP (Service d\u2019Accompagnement Familial et d\u2019\u00c9ducation Pr\u00e9coce),&nbsp; IDA (Institut pour D\u00e9ficients Auditifs) SESSAD (Services d&rsquo;\u00c9ducation Sp\u00e9ciale et [&hellip;]","_links":{"self":[{"href":"https:\/\/langageetintegration.com\/index.php\/wp-json\/wp\/v2\/pages\/77","targetHints":{"allow":["GET"]}}],"collection":[{"href":"https:\/\/langageetintegration.com\/index.php\/wp-json\/wp\/v2\/pages"}],"about":[{"href":"https:\/\/langageetintegration.com\/index.php\/wp-json\/wp\/v2\/types\/page"}],"author":[{"embeddable":true,"href":"https:\/\/langageetintegration.com\/index.php\/wp-json\/wp\/v2\/users\/1"}],"replies":[{"embeddable":true,"href":"https:\/\/langageetintegration.com\/index.php\/wp-json\/wp\/v2\/comments?post=77"}],"version-history":[{"count":1,"href":"https:\/\/langageetintegration.com\/index.php\/wp-json\/wp\/v2\/pages\/77\/revisions"}],"predecessor-version":[{"id":96,"href":"https:\/\/langageetintegration.com\/index.php\/wp-json\/wp\/v2\/pages\/77\/revisions\/96"}],"wp:attachment":[{"href":"https:\/\/langageetintegration.com\/index.php\/wp-json\/wp\/v2\/media?parent=77"}],"curies":[{"name":"wp","href":"https:\/\/api.w.org\/{rel}","templated":true}]}}