{"id":76,"date":"2023-09-06T13:52:57","date_gmt":"2023-09-06T11:52:57","guid":{"rendered":"http:\/\/langageetintegration.com\/index.php\/accueil\/"},"modified":"2023-09-07T10:52:43","modified_gmt":"2023-09-07T08:52:43","slug":"accueil","status":"publish","type":"page","link":"https:\/\/langageetintegration.com\/","title":{"rendered":"Accueil"},"content":{"rendered":"<p>&nbsp;Au service de l\u2019enfant et du jeune&nbsp;<\/p>\n<p>              &#x2714;<br \/>\n            En situation de handicap auditif <\/p>\n<p>              &#x2714;<br \/>\n            Pr\u00e9sentant des troubles s\u00e9v\u00e8res du langage et des apprentissages Avec ou sans troubles associ\u00e9s <\/p>\n<p>                  \u00c9tablissements<\/p>\n<p>                  Association<\/p>\n<p>                  Admission<\/p>\n<p>        Une association militante et gestionnaire&nbsp; <\/p>\n<p>            ASSOCIATION MILITANTE :&nbsp;Langage &amp; Int\u00e9gration r\u00e9unit des personnes engag\u00e9es pour la reconnaissance et l\u2019inclusion des personnes en situation de handicap auditif et des personnes pr\u00e9sentant des troubles sp\u00e9cifiques du langage et des apprentissages.&nbsp;<\/p>\n<p>            ASSOCIATION GESTIONNAIRE :&nbsp;Langage &amp; Int\u00e9gration g\u00e8re 7 \u00e9tablissements et services en Ile-de-France et dans les Hauts-de-France pour accompagner les enfants d\u00e8s leur plus jeune \u00e2ge et jusqu\u2019\u00e0 leur insertion dans la vie professionnelle.&nbsp;<\/p>\n<p>          FORMATION :&nbsp;<br \/>\n          Un centre de formation \u00ab Surdip\u00f4le \u00bb dans l\u2019Oise est g\u00e9r\u00e9 par l\u2019Association.&nbsp; <\/p>\n<p>            7 \u00c9tabliss\u200bements<\/p>\n<p>                    De 0 \u00e0 3 ans :<br \/>\n                    &nbsp;<br \/>\n              &nbsp;<\/p>\n<p>                Le SAFEP&nbsp;<br \/>\n              (Service d\u2019Accompagnement Familial et d\u2019\u00c9ducation Pr\u00e9coce)&nbsp;accueille l\u2019enfant et sa famille.&nbsp;<\/p>\n<p>                  Apr\u00e8s 3 ans :<br \/>\n              &nbsp;<\/p>\n<p>                Le SESSAD(Service d\u2019\u00c9ducation Sp\u00e9cialis\u00e9e et de Soins \u00e0 Domicile),&nbsp;accompagne les enfants&nbsp;et les jeunes sur leur lieu de scolarisation.&nbsp;<br \/>\n                L\u2019IDA(Institut pour D\u00e9ficients Auditifs),&nbsp;scolarise les enfants et les jeunes en classes sp\u00e9cialis\u00e9es&nbsp;avec les soins et aides n\u00e9cessaires.&nbsp;Les enfants pr\u00e9sentant des Troubles Sp\u00e9cifiques du Langage&nbsp;et des Apprentissages&nbsp;sont suivis par les m\u00eames structures.&nbsp; <\/p>\n<p>            Un Projet personnalis\u00e9<\/p>\n<p>               Les enfants et les jeunes sont accompagn\u00e9s selon un projet \u00e9labor\u00e9 et r\u00e9\u00e9valu\u00e9 chaque ann\u00e9e en collaboration avec les parents au regard des besoins de l\u2019enfant ou du jeune d\u00e9finis par les professionnels et les souhaits et attentes de la famille.&nbsp;<br \/>\n              Le projet linguistique sera choisi par l\u2019enfant et la famille. Tous les modes de communication sont possibles dans nos \u00e9tablissements et services :&nbsp;<br \/>\n              &gt;<br \/>\n               Fran\u00e7ais vocal et fran\u00e7ais \u00e9crit&nbsp;<br \/>\n               &gt; LSF (Langue des Signes Fran\u00e7aise)&nbsp;Diff\u00e9rents outils peuvent \u00eatre utilis\u00e9s :&nbsp;La parole, le LfPC (Langage fran\u00e7ais Parl\u00e9 Compl\u00e9t\u00e9), la m\u00e9thode verbo tonale, le fran\u00e7ais sign\u00e9, la lecture labiale\u2026&nbsp; <\/p>\n<p>            Des Professionnels<\/p>\n<p>              Une \u00e9quipe pluridisciplinaire permet aux enfants et aux jeunes de s\u2019\u00e9panouir et de trouver leur place dans la soci\u00e9t\u00e9 malgr\u00e9 leurs difficult\u00e9s de communication :&nbsp;<\/p>\n<p>                  &#x2714;<\/p>\n<p>                des m\u00e9decins ORL<\/p>\n<p>                  &#x2714;<\/p>\n<p>                des orthophonistes<\/p>\n<p>                  &#x2714;<\/p>\n<p>                des audioproth\u00e9sistes<\/p>\n<p>                  &#x2714;<\/p>\n<p>                des psychologues<\/p>\n<p>                  &#x2714;<\/p>\n<p>                des psychomotriciens<\/p>\n<p>                  &#x2714;<\/p>\n<p>                des ergoth\u00e9rapeutes<\/p>\n<p>                  &#x2714;<\/p>\n<p>                des accompagnants \u00e9ducatifs et sociaux<\/p>\n<p>                  &#x2714;<\/p>\n<p>                des \u00e9ducateurs sp\u00e9cialis\u00e9s et moniteurs<br \/>\n\u00e9ducateurs<\/p>\n<p>                  &#x2714;<\/p>\n<p>                des enseignants sp\u00e9cialis\u00e9s<\/p>\n<p>                  &#x2714;<\/p>\n<p>                des codeurs <\/p>\n<p>                  &#x2714;<\/p>\n<p>                des professeurs de langue des signes<\/p>\n<p>                  &#x2714;<\/p>\n<p>                des interpr\u00e8tes en LSF \/ Fran\u00e7ais<\/p>\n<p>                  &#x2714;<\/p>\n<p>                des assistants de service social<\/p>\n<p>          \u00ab Notre priorit\u00e9, est que demain, 100 % des enfants&nbsp;sourds ou souffrant de troubles du langage et des apprentissages puissent \u00eatre inclus dans l\u2019\u00e9cole,&nbsp;le premier maillon de leur insertion dans la soci\u00e9t\u00e9<br \/>\n          \u00bb<\/p>\n<p>          Brigitte de Perthuis&nbsp; <\/p>\n<p>          Pr\u00e9sidente<\/p>\n","protected":false},"excerpt":{"rendered":"<p>&nbsp;Au service de l\u2019enfant et du jeune&nbsp; &#x2714; En situation de handicap auditif &#x2714; Pr\u00e9sentant des troubles s\u00e9v\u00e8res du langage [&hellip;]<\/p>\n","protected":false},"author":1,"featured_media":0,"parent":0,"menu_order":10,"comment_status":"closed","ping_status":"closed","template":"","meta":{"_uag_custom_page_level_css":"","site-sidebar-layout":"default","site-content-layout":"","ast-site-content-layout":"default","site-content-style":"default","site-sidebar-style":"default","ast-global-header-display":"","ast-banner-title-visibility":"","ast-main-header-display":"","ast-hfb-above-header-display":"","ast-hfb-below-header-display":"","ast-hfb-mobile-header-display":"","site-post-title":"","ast-breadcrumbs-content":"","ast-featured-img":"","footer-sml-layout":"","ast-disable-related-posts":"","theme-transparent-header-meta":"","adv-header-id-meta":"","stick-header-meta":"","header-above-stick-meta":"","header-main-stick-meta":"","header-below-stick-meta":"","astra-migrate-meta-layouts":"default","ast-page-background-enabled":"default","ast-page-background-meta":{"desktop":{"background-color":"var(--ast-global-color-5)","background-image":"","background-repeat":"repeat","background-position":"center center","background-size":"auto","background-attachment":"scroll","background-type":"","background-media":"","overlay-type":"","overlay-color":"","overlay-opacity":"","overlay-gradient":""},"tablet":{"background-color":"","background-image":"","background-repeat":"repeat","background-position":"center center","background-size":"auto","background-attachment":"scroll","background-type":"","background-media":"","overlay-type":"","overlay-color":"","overlay-opacity":"","overlay-gradient":""},"mobile":{"background-color":"","background-image":"","background-repeat":"repeat","background-position":"center center","background-size":"auto","background-attachment":"scroll","background-type":"","background-media":"","overlay-type":"","overlay-color":"","overlay-opacity":"","overlay-gradient":""}},"ast-content-background-meta":{"desktop":{"background-color":"var(--ast-global-color-4)","background-image":"","background-repeat":"repeat","background-position":"center center","background-size":"auto","background-attachment":"scroll","background-type":"","background-media":"","overlay-type":"","overlay-color":"","overlay-opacity":"","overlay-gradient":""},"tablet":{"background-color":"var(--ast-global-color-4)","background-image":"","background-repeat":"repeat","background-position":"center center","background-size":"auto","background-attachment":"scroll","background-type":"","background-media":"","overlay-type":"","overlay-color":"","overlay-opacity":"","overlay-gradient":""},"mobile":{"background-color":"var(--ast-global-color-4)","background-image":"","background-repeat":"repeat","background-position":"center center","background-size":"auto","background-attachment":"scroll","background-type":"","background-media":"","overlay-type":"","overlay-color":"","overlay-opacity":"","overlay-gradient":""}},"footnotes":""},"class_list":["post-76","page","type-page","status-publish","hentry"],"uagb_featured_image_src":{"full":false,"thumbnail":false,"medium":false,"medium_large":false,"large":false,"1536x1536":false,"2048x2048":false},"uagb_author_info":{"display_name":"Carole hadjimladis","author_link":"https:\/\/langageetintegration.com\/index.php\/author\/admin6879\/"},"uagb_comment_info":0,"uagb_excerpt":"&nbsp;Au service de l\u2019enfant et du jeune&nbsp; &#x2714; En situation de handicap auditif &#x2714; Pr\u00e9sentant des troubles s\u00e9v\u00e8res du langage [&hellip;]","_links":{"self":[{"href":"https:\/\/langageetintegration.com\/index.php\/wp-json\/wp\/v2\/pages\/76","targetHints":{"allow":["GET"]}}],"collection":[{"href":"https:\/\/langageetintegration.com\/index.php\/wp-json\/wp\/v2\/pages"}],"about":[{"href":"https:\/\/langageetintegration.com\/index.php\/wp-json\/wp\/v2\/types\/page"}],"author":[{"embeddable":true,"href":"https:\/\/langageetintegration.com\/index.php\/wp-json\/wp\/v2\/users\/1"}],"replies":[{"embeddable":true,"href":"https:\/\/langageetintegration.com\/index.php\/wp-json\/wp\/v2\/comments?post=76"}],"version-history":[{"count":2,"href":"https:\/\/langageetintegration.com\/index.php\/wp-json\/wp\/v2\/pages\/76\/revisions"}],"predecessor-version":[{"id":117,"href":"https:\/\/langageetintegration.com\/index.php\/wp-json\/wp\/v2\/pages\/76\/revisions\/117"}],"wp:attachment":[{"href":"https:\/\/langageetintegration.com\/index.php\/wp-json\/wp\/v2\/media?parent=76"}],"curies":[{"name":"wp","href":"https:\/\/api.w.org\/{rel}","templated":true}]}}