{"id":75,"date":"2023-09-06T13:52:56","date_gmt":"2023-09-06T11:52:56","guid":{"rendered":"http:\/\/langageetintegration.com\/index.php\/admission\/"},"modified":"2023-09-06T13:53:03","modified_gmt":"2023-09-06T11:53:03","slug":"admission","status":"publish","type":"page","link":"https:\/\/langageetintegration.com\/index.php\/admission\/","title":{"rendered":"Admission"},"content":{"rendered":"<p>Admissions&nbsp;<\/p>\n<p>            \u00c9TAPE 1<\/p>\n<p>             Prenez contact directement par t\u00e9l\u00e9phone avec l\u2019\u00e9tablissement&nbsp;ou le si\u00e8ge pour prendre RDV si n\u00e9cessaire&nbsp;<\/p>\n<p>            \u00c9TAPE 2<\/p>\n<p>             En pr\u00e9vision de votre RDV t\u00e9l\u00e9charger le dossier d\u2019admission&nbsp;&nbsp;<br \/>\n            T\u00c9L\u00c9CHARGER LE DOSSIERD&rsquo;ADMISSION&nbsp;<\/p>\n<p>              \u00c9TAPE 3<\/p>\n<p>             Une fois le dossier r\u00e9ceptionn\u00e9 et complet, il est examin\u00e9 en<br \/>\ncommission d\u2019admission. Au regard des comp\u00e9tences du Centre et des<br \/>\nbesoins de l\u2019enfant, unprojet d\u2019accompagnement personnalis\u00e9 est propos\u00e9 \u00e0<br \/>\n la famille<\/p>\n<p>              \u00c9TAPE 4<\/p>\n<p>             Si le projet est accept\u00e9, l\u2019\u00e9tablissement confirme \u00e0 la M.D.P.H.<br \/>\nl\u2019admission du jeune au sein du Centre Surdit\u00e9 Langage Albert Camus.<\/p>\n","protected":false},"excerpt":{"rendered":"<p>Admissions&nbsp; \u00c9TAPE 1 Prenez contact directement par t\u00e9l\u00e9phone avec l\u2019\u00e9tablissement&nbsp;ou le si\u00e8ge pour prendre RDV si n\u00e9cessaire&nbsp; \u00c9TAPE 2 En [&hellip;]<\/p>\n","protected":false},"author":1,"featured_media":0,"parent":0,"menu_order":9,"comment_status":"closed","ping_status":"closed","template":"","meta":{"_uag_custom_page_level_css":"","site-sidebar-layout":"default","site-content-layout":"","ast-site-content-layout":"default","site-content-style":"default","site-sidebar-style":"default","ast-global-header-display":"","ast-banner-title-visibility":"","ast-main-header-display":"","ast-hfb-above-header-display":"","ast-hfb-below-header-display":"","ast-hfb-mobile-header-display":"","site-post-title":"","ast-breadcrumbs-content":"","ast-featured-img":"","footer-sml-layout":"","ast-disable-related-posts":"","theme-transparent-header-meta":"","adv-header-id-meta":"","stick-header-meta":"","header-above-stick-meta":"","header-main-stick-meta":"","header-below-stick-meta":"","astra-migrate-meta-layouts":"default","ast-page-background-enabled":"default","ast-page-background-meta":{"desktop":{"background-color":"var(--ast-global-color-5)","background-image":"","background-repeat":"repeat","background-position":"center center","background-size":"auto","background-attachment":"scroll","background-type":"","background-media":"","overlay-type":"","overlay-color":"","overlay-opacity":"","overlay-gradient":""},"tablet":{"background-color":"","background-image":"","background-repeat":"repeat","background-position":"center center","background-size":"auto","background-attachment":"scroll","background-type":"","background-media":"","overlay-type":"","overlay-color":"","overlay-opacity":"","overlay-gradient":""},"mobile":{"background-color":"","background-image":"","background-repeat":"repeat","background-position":"center center","background-size":"auto","background-attachment":"scroll","background-type":"","background-media":"","overlay-type":"","overlay-color":"","overlay-opacity":"","overlay-gradient":""}},"ast-content-background-meta":{"desktop":{"background-color":"var(--ast-global-color-4)","background-image":"","background-repeat":"repeat","background-position":"center center","background-size":"auto","background-attachment":"scroll","background-type":"","background-media":"","overlay-type":"","overlay-color":"","overlay-opacity":"","overlay-gradient":""},"tablet":{"background-color":"var(--ast-global-color-4)","background-image":"","background-repeat":"repeat","background-position":"center center","background-size":"auto","background-attachment":"scroll","background-type":"","background-media":"","overlay-type":"","overlay-color":"","overlay-opacity":"","overlay-gradient":""},"mobile":{"background-color":"var(--ast-global-color-4)","background-image":"","background-repeat":"repeat","background-position":"center center","background-size":"auto","background-attachment":"scroll","background-type":"","background-media":"","overlay-type":"","overlay-color":"","overlay-opacity":"","overlay-gradient":""}},"footnotes":""},"class_list":["post-75","page","type-page","status-publish","hentry"],"uagb_featured_image_src":{"full":false,"thumbnail":false,"medium":false,"medium_large":false,"large":false,"1536x1536":false,"2048x2048":false},"uagb_author_info":{"display_name":"Carole hadjimladis","author_link":"https:\/\/langageetintegration.com\/index.php\/author\/admin6879\/"},"uagb_comment_info":0,"uagb_excerpt":"Admissions&nbsp; \u00c9TAPE 1 Prenez contact directement par t\u00e9l\u00e9phone avec l\u2019\u00e9tablissement&nbsp;ou le si\u00e8ge pour prendre RDV si n\u00e9cessaire&nbsp; \u00c9TAPE 2 En [&hellip;]","_links":{"self":[{"href":"https:\/\/langageetintegration.com\/index.php\/wp-json\/wp\/v2\/pages\/75","targetHints":{"allow":["GET"]}}],"collection":[{"href":"https:\/\/langageetintegration.com\/index.php\/wp-json\/wp\/v2\/pages"}],"about":[{"href":"https:\/\/langageetintegration.com\/index.php\/wp-json\/wp\/v2\/types\/page"}],"author":[{"embeddable":true,"href":"https:\/\/langageetintegration.com\/index.php\/wp-json\/wp\/v2\/users\/1"}],"replies":[{"embeddable":true,"href":"https:\/\/langageetintegration.com\/index.php\/wp-json\/wp\/v2\/comments?post=75"}],"version-history":[{"count":1,"href":"https:\/\/langageetintegration.com\/index.php\/wp-json\/wp\/v2\/pages\/75\/revisions"}],"predecessor-version":[{"id":94,"href":"https:\/\/langageetintegration.com\/index.php\/wp-json\/wp\/v2\/pages\/75\/revisions\/94"}],"wp:attachment":[{"href":"https:\/\/langageetintegration.com\/index.php\/wp-json\/wp\/v2\/media?parent=75"}],"curies":[{"name":"wp","href":"https:\/\/api.w.org\/{rel}","templated":true}]}}