{"id":74,"date":"2023-09-06T13:52:55","date_gmt":"2023-09-06T11:52:55","guid":{"rendered":"http:\/\/langageetintegration.com\/index.php\/projet-associatif\/"},"modified":"2023-09-06T13:53:03","modified_gmt":"2023-09-06T11:53:03","slug":"projet-associatif","status":"publish","type":"page","link":"https:\/\/langageetintegration.com\/index.php\/projet-associatif\/","title":{"rendered":"Projet Associatif"},"content":{"rendered":"<p>Le Projet Associatif<\/p>\n<p>               1\/ Concr\u00e9tiser la strat\u00e9gie associative&nbsp;<\/p>\n<p>             Langage &amp; Int\u00e9gration s\u2019est engag\u00e9e dans un processus de structuration de son pilotage notamment avec la cr\u00e9ation d\u2019un si\u00e8ge dot\u00e9 d\u2019un plateau technique sp\u00e9cifique, de locaux d\u00e9di\u00e9s et d\u2019une organisation des fonctions supports avec mutualisation des ressources et ce, afin d\u2019optimiser les financements.<br \/>\nL\u2019Association souhaite poursuivre la dynamique engag\u00e9e depuis 2018, achever l\u2019architecture associative en consolidant le fonctionnement de ses instances et en p\u00e9rennisant ses ressources financi\u00e8res.&nbsp;<\/p>\n<p>            LES ENJEUX<\/p>\n<p>                  \u2714<br \/>\n                 Clarifier les d\u00e9l\u00e9gations des administrateurs et des directeurs pour un contr\u00f4le et un pilotage r\u00e9gulier des ESMS ; <\/p>\n<p>                  \u2714<br \/>\n                 Disposer d\u2019une gouvernance et une gestion des ressources internes efficientes en appui aux \u00e9tablissements ;<\/p>\n<p>                  \u2714<br \/>\n                 Faciliter la r\u00e9ponse aux enjeux et contraintes diverses : CPOM, dotations allou\u00e9es p\u00e9rennes \u2026<\/p>\n<p>               2\/ Viser l\u2019excellence<br \/>\n&nbsp;<\/p>\n<p>             La repr\u00e9sentativit\u00e9 et la reconnaissance de Langage &amp; Int\u00e9gration dans le secteur de la surdit\u00e9 s\u2019appuie sur le nombre significatif d\u2019enfants accompagn\u00e9s au plus pr\u00e8s de leurs besoins ce qui implique de sans cesse r\u00e9interroger l\u2019organisation et le fonctionnement de la prise en charge,&nbsp;\u2022 Dans le cadre associatif : L\u2019Association estime que la qualit\u00e9 et l\u2019efficience sont prioritaires et doivent se d\u00e9cliner de mani\u00e8re lisible et explicite au sein de chaque structure.&nbsp;\u2022<br \/>\n              Dans le cadre institutionnel : A cet \u00e9gard, l\u2019analyse du positionnement de chaque \u00e9tablissement et service laisse appara\u00eetre des \u00e9carts qui rel\u00e8vent de l\u2019identit\u00e9 de l\u2019\u00e9tablissement, de sa situation g\u00e9ographique ou encore des offres de prestations \u00e0 faire \u00e9voluer.&nbsp;&nbsp;<\/p>\n<p>            LES ENJEUX<\/p>\n<p>                  \u2714<br \/>\n                 Assurer une conformit\u00e9 r\u00e9glementaire p\u00e9renne des dispositifs en place ; <\/p>\n<p>                  \u2714<br \/>\n                 Renforcer l\u2019efficience des accompagnements dans une coh\u00e9rence de parcours de vie personnel et professionnel ; <\/p>\n<p>                  \u2714<br \/>\n                 Anticiper les besoins en mati\u00e8re d\u2019\u00e9volution de l\u2019offre de prestations et adapter les ressources n\u00e9cessaires <\/p>\n<p>             \u00c9tablissements\/Publics concern\u00e9s <\/p>\n<p>                  \u2714<br \/>\n                 Tous les \u00e9tablissements et services \u2013 tous les publics (D\u00e9ficients auditifs \u2013 TSLA&nbsp; \u2013 TSA).&nbsp;<\/p>\n<p>               3\/  Dynamiser le management des \u00e9quipes<br \/>\n&nbsp;<\/p>\n<p>             Langage &amp; Int\u00e9gration s\u2019est engag\u00e9e dans un processus de structuration de son pilotage notamment avec la cr\u00e9ation d\u2019un si\u00e8ge dot\u00e9 d\u2019un plateau technique sp\u00e9cifique, de locaux d\u00e9di\u00e9s et d\u2019une organisation des fonctions supports avec mutualisation des ressources et ce, afin d\u2019optimiser les financements.<br \/>\nL\u2019Association souhaite poursuivre la dynamique engag\u00e9e depuis 2018, achever l\u2019architecture associative en consolidant le fonctionnement de ses instances et en p\u00e9rennisant ses ressources financi\u00e8res.&nbsp;<\/p>\n<p>            LES ENJEUX<\/p>\n<p>                  \u2714<br \/>\n                 Promouvoir un management responsabilisant ; <\/p>\n<p>                  \u2714<br \/>\n                 Encadrer les modalit\u00e9s d\u2019exercice des missions ; <\/p>\n<p>                  \u2714<br \/>\n                 Poser un cadre manag\u00e9rial susceptible d\u2019\u00e9voluer progressivement ; <\/p>\n<p>                  \u2714<br \/>\n                &nbsp;Clarifier les engagements et les principes de la politique de Ressources Humaines ;&nbsp;<\/p>\n<p>                  \u2714<br \/>\n                Favoriser la coh\u00e9sion des \u00e9quipes et des directions entre elles et avec l\u2019Association ;&nbsp;<\/p>\n<p>                  \u2714<br \/>\n                D\u00e9velopper la participation et l\u2019implication des personnels dans la vie associative.&nbsp;<\/p>\n<p>            T\u00e9l\u00e9charger&nbsp;le rapport&nbsp;d&rsquo;activit\u00e9 2021 (.pdf 6,9 Mo)<\/p>\n<p>        T\u00e9l\u00e9charger le Projet Associatif&nbsp;complet (.pdf 575 Ko)&nbsp;&nbsp;<\/p>\n<p>           4\/  trajectoire strat\u00e9gique et op\u00e9rationnelle<br \/>\n&nbsp;<\/p>\n","protected":false},"excerpt":{"rendered":"<p>Le Projet Associatif 1\/ Concr\u00e9tiser la strat\u00e9gie associative&nbsp; Langage &amp; Int\u00e9gration s\u2019est engag\u00e9e dans un processus de structuration de son [&hellip;]<\/p>\n","protected":false},"author":1,"featured_media":0,"parent":0,"menu_order":8,"comment_status":"closed","ping_status":"closed","template":"","meta":{"_uag_custom_page_level_css":"","site-sidebar-layout":"default","site-content-layout":"","ast-site-content-layout":"default","site-content-style":"default","site-sidebar-style":"default","ast-global-header-display":"","ast-banner-title-visibility":"","ast-main-header-display":"","ast-hfb-above-header-display":"","ast-hfb-below-header-display":"","ast-hfb-mobile-header-display":"","site-post-title":"","ast-breadcrumbs-content":"","ast-featured-img":"","footer-sml-layout":"","ast-disable-related-posts":"","theme-transparent-header-meta":"","adv-header-id-meta":"","stick-header-meta":"","header-above-stick-meta":"","header-main-stick-meta":"","header-below-stick-meta":"","astra-migrate-meta-layouts":"default","ast-page-background-enabled":"default","ast-page-background-meta":{"desktop":{"background-color":"var(--ast-global-color-5)","background-image":"","background-repeat":"repeat","background-position":"center center","background-size":"auto","background-attachment":"scroll","background-type":"","background-media":"","overlay-type":"","overlay-color":"","overlay-opacity":"","overlay-gradient":""},"tablet":{"background-color":"","background-image":"","background-repeat":"repeat","background-position":"center center","background-size":"auto","background-attachment":"scroll","background-type":"","background-media":"","overlay-type":"","overlay-color":"","overlay-opacity":"","overlay-gradient":""},"mobile":{"background-color":"","background-image":"","background-repeat":"repeat","background-position":"center center","background-size":"auto","background-attachment":"scroll","background-type":"","background-media":"","overlay-type":"","overlay-color":"","overlay-opacity":"","overlay-gradient":""}},"ast-content-background-meta":{"desktop":{"background-color":"var(--ast-global-color-4)","background-image":"","background-repeat":"repeat","background-position":"center center","background-size":"auto","background-attachment":"scroll","background-type":"","background-media":"","overlay-type":"","overlay-color":"","overlay-opacity":"","overlay-gradient":""},"tablet":{"background-color":"var(--ast-global-color-4)","background-image":"","background-repeat":"repeat","background-position":"center center","background-size":"auto","background-attachment":"scroll","background-type":"","background-media":"","overlay-type":"","overlay-color":"","overlay-opacity":"","overlay-gradient":""},"mobile":{"background-color":"var(--ast-global-color-4)","background-image":"","background-repeat":"repeat","background-position":"center center","background-size":"auto","background-attachment":"scroll","background-type":"","background-media":"","overlay-type":"","overlay-color":"","overlay-opacity":"","overlay-gradient":""}},"footnotes":""},"class_list":["post-74","page","type-page","status-publish","hentry"],"uagb_featured_image_src":{"full":false,"thumbnail":false,"medium":false,"medium_large":false,"large":false,"1536x1536":false,"2048x2048":false},"uagb_author_info":{"display_name":"Carole hadjimladis","author_link":"https:\/\/langageetintegration.com\/index.php\/author\/admin6879\/"},"uagb_comment_info":0,"uagb_excerpt":"Le Projet Associatif 1\/ Concr\u00e9tiser la strat\u00e9gie associative&nbsp; Langage &amp; Int\u00e9gration s\u2019est engag\u00e9e dans un processus de structuration de son [&hellip;]","_links":{"self":[{"href":"https:\/\/langageetintegration.com\/index.php\/wp-json\/wp\/v2\/pages\/74","targetHints":{"allow":["GET"]}}],"collection":[{"href":"https:\/\/langageetintegration.com\/index.php\/wp-json\/wp\/v2\/pages"}],"about":[{"href":"https:\/\/langageetintegration.com\/index.php\/wp-json\/wp\/v2\/types\/page"}],"author":[{"embeddable":true,"href":"https:\/\/langageetintegration.com\/index.php\/wp-json\/wp\/v2\/users\/1"}],"replies":[{"embeddable":true,"href":"https:\/\/langageetintegration.com\/index.php\/wp-json\/wp\/v2\/comments?post=74"}],"version-history":[{"count":1,"href":"https:\/\/langageetintegration.com\/index.php\/wp-json\/wp\/v2\/pages\/74\/revisions"}],"predecessor-version":[{"id":93,"href":"https:\/\/langageetintegration.com\/index.php\/wp-json\/wp\/v2\/pages\/74\/revisions\/93"}],"wp:attachment":[{"href":"https:\/\/langageetintegration.com\/index.php\/wp-json\/wp\/v2\/media?parent=74"}],"curies":[{"name":"wp","href":"https:\/\/api.w.org\/{rel}","templated":true}]}}