{"id":73,"date":"2023-09-06T13:52:54","date_gmt":"2023-09-06T11:52:54","guid":{"rendered":"http:\/\/langageetintegration.com\/index.php\/adhesion\/"},"modified":"2023-09-06T13:53:02","modified_gmt":"2023-09-06T11:53:02","slug":"adhesion","status":"publish","type":"page","link":"https:\/\/langageetintegration.com\/index.php\/adhesion\/","title":{"rendered":"Adhesion"},"content":{"rendered":"<p>Adh\u00e9sion&nbsp;<\/p>\n<p>                   Pourquoi adh\u00e9rer&nbsp;\u00e0 l\u2019Association&nbsp;\u00ab Langage &amp; Int\u00e9gration \u00bb ?<\/p>\n<p>                        \u2714<\/p>\n<p>                        Pour porter les valeurs de l\u2019Association et de la F\u00e9d\u00e9ration APAJH :<br \/>\n                        le handicap est l\u2019affaire de tous les citoyens sans distinction. \u00ab Langage et Int\u00e9gration \u00bb d\u00e9fend plus particuli\u00e8rement la dignit\u00e9 de la<br \/>\npersonne d\u00e9ficiente auditive ou porteuse de troubles importants de la<br \/>\ncommunication, son acc\u00e8s \u00e0 une vraie citoyennet\u00e9, son inclusion la plus<br \/>\nlarge possible : scolaire, sociale et professionnelle.<\/p>\n<p>                        \u2714<\/p>\n<p>                        Pour soutenir l\u2019activit\u00e9 des services de nos sept \u00e9tablissements :<\/p>\n<p>                     Prise en charge des enfants de la naissance \u00e0 20 ans porteurs d\u2019une<br \/>\nd\u00e9ficience auditive ou de troubles s\u00e9v\u00e8res de la langue orale ou \u00e9crite.<br \/>\n                     Accompagnement des familles.<\/p>\n<p>                        \u2714<\/p>\n<p>                        Pour participer et s\u2019impliquer plus \u00e9troitement dans la vie de l\u2019association.<\/p>\n<p>                   T\u00e9l\u00e9charger&nbsp;le bulletin d&rsquo;adh\u00e9sion&nbsp;<\/p>\n","protected":false},"excerpt":{"rendered":"<p>Adh\u00e9sion&nbsp; Pourquoi adh\u00e9rer&nbsp;\u00e0 l\u2019Association&nbsp;\u00ab Langage &amp; Int\u00e9gration \u00bb ? \u2714 Pour porter les valeurs de l\u2019Association et de la F\u00e9d\u00e9ration [&hellip;]<\/p>\n","protected":false},"author":1,"featured_media":0,"parent":0,"menu_order":7,"comment_status":"closed","ping_status":"closed","template":"","meta":{"_uag_custom_page_level_css":"","site-sidebar-layout":"default","site-content-layout":"","ast-site-content-layout":"default","site-content-style":"default","site-sidebar-style":"default","ast-global-header-display":"","ast-banner-title-visibility":"","ast-main-header-display":"","ast-hfb-above-header-display":"","ast-hfb-below-header-display":"","ast-hfb-mobile-header-display":"","site-post-title":"","ast-breadcrumbs-content":"","ast-featured-img":"","footer-sml-layout":"","ast-disable-related-posts":"","theme-transparent-header-meta":"","adv-header-id-meta":"","stick-header-meta":"","header-above-stick-meta":"","header-main-stick-meta":"","header-below-stick-meta":"","astra-migrate-meta-layouts":"default","ast-page-background-enabled":"default","ast-page-background-meta":{"desktop":{"background-color":"var(--ast-global-color-5)","background-image":"","background-repeat":"repeat","background-position":"center center","background-size":"auto","background-attachment":"scroll","background-type":"","background-media":"","overlay-type":"","overlay-color":"","overlay-opacity":"","overlay-gradient":""},"tablet":{"background-color":"","background-image":"","background-repeat":"repeat","background-position":"center center","background-size":"auto","background-attachment":"scroll","background-type":"","background-media":"","overlay-type":"","overlay-color":"","overlay-opacity":"","overlay-gradient":""},"mobile":{"background-color":"","background-image":"","background-repeat":"repeat","background-position":"center center","background-size":"auto","background-attachment":"scroll","background-type":"","background-media":"","overlay-type":"","overlay-color":"","overlay-opacity":"","overlay-gradient":""}},"ast-content-background-meta":{"desktop":{"background-color":"var(--ast-global-color-4)","background-image":"","background-repeat":"repeat","background-position":"center center","background-size":"auto","background-attachment":"scroll","background-type":"","background-media":"","overlay-type":"","overlay-color":"","overlay-opacity":"","overlay-gradient":""},"tablet":{"background-color":"var(--ast-global-color-4)","background-image":"","background-repeat":"repeat","background-position":"center center","background-size":"auto","background-attachment":"scroll","background-type":"","background-media":"","overlay-type":"","overlay-color":"","overlay-opacity":"","overlay-gradient":""},"mobile":{"background-color":"var(--ast-global-color-4)","background-image":"","background-repeat":"repeat","background-position":"center center","background-size":"auto","background-attachment":"scroll","background-type":"","background-media":"","overlay-type":"","overlay-color":"","overlay-opacity":"","overlay-gradient":""}},"footnotes":""},"class_list":["post-73","page","type-page","status-publish","hentry"],"uagb_featured_image_src":{"full":false,"thumbnail":false,"medium":false,"medium_large":false,"large":false,"1536x1536":false,"2048x2048":false},"uagb_author_info":{"display_name":"Carole hadjimladis","author_link":"https:\/\/langageetintegration.com\/index.php\/author\/admin6879\/"},"uagb_comment_info":0,"uagb_excerpt":"Adh\u00e9sion&nbsp; Pourquoi adh\u00e9rer&nbsp;\u00e0 l\u2019Association&nbsp;\u00ab Langage &amp; Int\u00e9gration \u00bb ? \u2714 Pour porter les valeurs de l\u2019Association et de la F\u00e9d\u00e9ration [&hellip;]","_links":{"self":[{"href":"https:\/\/langageetintegration.com\/index.php\/wp-json\/wp\/v2\/pages\/73","targetHints":{"allow":["GET"]}}],"collection":[{"href":"https:\/\/langageetintegration.com\/index.php\/wp-json\/wp\/v2\/pages"}],"about":[{"href":"https:\/\/langageetintegration.com\/index.php\/wp-json\/wp\/v2\/types\/page"}],"author":[{"embeddable":true,"href":"https:\/\/langageetintegration.com\/index.php\/wp-json\/wp\/v2\/users\/1"}],"replies":[{"embeddable":true,"href":"https:\/\/langageetintegration.com\/index.php\/wp-json\/wp\/v2\/comments?post=73"}],"version-history":[{"count":1,"href":"https:\/\/langageetintegration.com\/index.php\/wp-json\/wp\/v2\/pages\/73\/revisions"}],"predecessor-version":[{"id":92,"href":"https:\/\/langageetintegration.com\/index.php\/wp-json\/wp\/v2\/pages\/73\/revisions\/92"}],"wp:attachment":[{"href":"https:\/\/langageetintegration.com\/index.php\/wp-json\/wp\/v2\/media?parent=73"}],"curies":[{"name":"wp","href":"https:\/\/api.w.org\/{rel}","templated":true}]}}