{"id":72,"date":"2023-09-06T13:52:53","date_gmt":"2023-09-06T11:52:53","guid":{"rendered":"http:\/\/langageetintegration.com\/index.php\/mentions-legales\/"},"modified":"2023-09-06T13:53:02","modified_gmt":"2023-09-06T11:53:02","slug":"mentions-legales","status":"publish","type":"page","link":"https:\/\/langageetintegration.com\/index.php\/mentions-legales\/","title":{"rendered":"Mentions legales"},"content":{"rendered":"<p>Mentions<br \/>\n               L\u00e9gales&nbsp;<\/p>\n<p>              Mentions l\u00e9gales :<\/p>\n<p>            Conform\u00e9ment aux dispositions de la loi n\u00b0 2004-575 du 21 juin 2004 pour la confiance en l&rsquo;\u00e9conomie num\u00e9rique, il est pr\u00e9cis\u00e9 aux utilisateurs du site LANGAGE &amp; INT\u00c9GRATION &nbsp;ASSOCIATION TECHNIQUE APAJH l&rsquo;identit\u00e9 des diff\u00e9rents intervenants dans le cadre de sa r\u00e9alisation et de son suivi.&nbsp;<\/p>\n<p>            \u00c9dition du site :<\/p>\n<p>            Le pr\u00e9sent site, accessible \u00e0 l\u2019URL www.langageetintegration.org (le \u00ab Site \u00bb), est \u00e9dit\u00e9 par :&nbsp;<\/p>\n<p>            L\u2019association ASSOC TECHNIQUE APAJH &#8211; LANGAGE ET INTEGRATION, enregistr\u00e9e aupr\u00e8s de la pr\u00e9fecture\/sous-pr\u00e9fecture de 93 &#8211; Pr\u00e9fecture Bobigny sous le num\u00e9ro w923000630, ayant son si\u00e8ge situ\u00e9 \u00e0 8 avenue Montaigne 93160 Noisy le Grand, repr\u00e9sent\u00e9e par Madame Brigitte De Perthuis d\u00fbment habilit\u00e9e.<\/p>\n<p>              H\u00e9bergement :<\/p>\n<p>            Le Site est h\u00e9berg\u00e9 par la soci\u00e9t\u00e9 OVH, situ\u00e9 2 rue Kellermann&nbsp;BP 80157 &#8211; 59053 Roubaix Cedex 1, (contact t\u00e9l\u00e9phonique ou email : 1007).<\/p>\n<p>              Directeur de la publication :<\/p>\n<p>              Yann Valleur<\/p>\n<p>            Nous contacter :&nbsp;<\/p>\n<p>              Par t\u00e9l\u00e9phone : +33184811600&nbsp;<\/p>\n<p>              Par email : c.hadjimladis@asso-li.fr&nbsp;<\/p>\n<p>              Par courrier : 8 avenue de Montaigne 93160 Noisy le Grand&nbsp;<\/p>\n<p>            Donn\u00e9es personnelles :&nbsp;<\/p>\n<p>          Le traitement de vos donn\u00e9es \u00e0 caract\u00e8re personnel est r\u00e9gi par notre Charte du respect de la vie priv\u00e9e, disponible depuis la section \u00ab\u00a0Charte de Protection des Donn\u00e9es Personnelles\u00a0\u00bb, conform\u00e9ment au R\u00e8glement G\u00e9n\u00e9ral sur la Protection des Donn\u00e9es 2016\/679 du 27 avril 2016 (\u00abRGPD\u00bb).&nbsp;<\/p>\n","protected":false},"excerpt":{"rendered":"<p>Mentions L\u00e9gales&nbsp; Mentions l\u00e9gales : Conform\u00e9ment aux dispositions de la loi n\u00b0 2004-575 du 21 juin 2004 pour la confiance [&hellip;]<\/p>\n","protected":false},"author":1,"featured_media":0,"parent":0,"menu_order":6,"comment_status":"closed","ping_status":"closed","template":"","meta":{"_uag_custom_page_level_css":"","site-sidebar-layout":"default","site-content-layout":"","ast-site-content-layout":"default","site-content-style":"default","site-sidebar-style":"default","ast-global-header-display":"","ast-banner-title-visibility":"","ast-main-header-display":"","ast-hfb-above-header-display":"","ast-hfb-below-header-display":"","ast-hfb-mobile-header-display":"","site-post-title":"","ast-breadcrumbs-content":"","ast-featured-img":"","footer-sml-layout":"","ast-disable-related-posts":"","theme-transparent-header-meta":"","adv-header-id-meta":"","stick-header-meta":"","header-above-stick-meta":"","header-main-stick-meta":"","header-below-stick-meta":"","astra-migrate-meta-layouts":"default","ast-page-background-enabled":"default","ast-page-background-meta":{"desktop":{"background-color":"var(--ast-global-color-5)","background-image":"","background-repeat":"repeat","background-position":"center center","background-size":"auto","background-attachment":"scroll","background-type":"","background-media":"","overlay-type":"","overlay-color":"","overlay-opacity":"","overlay-gradient":""},"tablet":{"background-color":"","background-image":"","background-repeat":"repeat","background-position":"center center","background-size":"auto","background-attachment":"scroll","background-type":"","background-media":"","overlay-type":"","overlay-color":"","overlay-opacity":"","overlay-gradient":""},"mobile":{"background-color":"","background-image":"","background-repeat":"repeat","background-position":"center center","background-size":"auto","background-attachment":"scroll","background-type":"","background-media":"","overlay-type":"","overlay-color":"","overlay-opacity":"","overlay-gradient":""}},"ast-content-background-meta":{"desktop":{"background-color":"var(--ast-global-color-4)","background-image":"","background-repeat":"repeat","background-position":"center center","background-size":"auto","background-attachment":"scroll","background-type":"","background-media":"","overlay-type":"","overlay-color":"","overlay-opacity":"","overlay-gradient":""},"tablet":{"background-color":"var(--ast-global-color-4)","background-image":"","background-repeat":"repeat","background-position":"center center","background-size":"auto","background-attachment":"scroll","background-type":"","background-media":"","overlay-type":"","overlay-color":"","overlay-opacity":"","overlay-gradient":""},"mobile":{"background-color":"var(--ast-global-color-4)","background-image":"","background-repeat":"repeat","background-position":"center center","background-size":"auto","background-attachment":"scroll","background-type":"","background-media":"","overlay-type":"","overlay-color":"","overlay-opacity":"","overlay-gradient":""}},"footnotes":""},"class_list":["post-72","page","type-page","status-publish","hentry"],"uagb_featured_image_src":{"full":false,"thumbnail":false,"medium":false,"medium_large":false,"large":false,"1536x1536":false,"2048x2048":false},"uagb_author_info":{"display_name":"Carole hadjimladis","author_link":"https:\/\/langageetintegration.com\/index.php\/author\/admin6879\/"},"uagb_comment_info":0,"uagb_excerpt":"Mentions L\u00e9gales&nbsp; Mentions l\u00e9gales : Conform\u00e9ment aux dispositions de la loi n\u00b0 2004-575 du 21 juin 2004 pour la confiance [&hellip;]","_links":{"self":[{"href":"https:\/\/langageetintegration.com\/index.php\/wp-json\/wp\/v2\/pages\/72","targetHints":{"allow":["GET"]}}],"collection":[{"href":"https:\/\/langageetintegration.com\/index.php\/wp-json\/wp\/v2\/pages"}],"about":[{"href":"https:\/\/langageetintegration.com\/index.php\/wp-json\/wp\/v2\/types\/page"}],"author":[{"embeddable":true,"href":"https:\/\/langageetintegration.com\/index.php\/wp-json\/wp\/v2\/users\/1"}],"replies":[{"embeddable":true,"href":"https:\/\/langageetintegration.com\/index.php\/wp-json\/wp\/v2\/comments?post=72"}],"version-history":[{"count":1,"href":"https:\/\/langageetintegration.com\/index.php\/wp-json\/wp\/v2\/pages\/72\/revisions"}],"predecessor-version":[{"id":91,"href":"https:\/\/langageetintegration.com\/index.php\/wp-json\/wp\/v2\/pages\/72\/revisions\/91"}],"wp:attachment":[{"href":"https:\/\/langageetintegration.com\/index.php\/wp-json\/wp\/v2\/media?parent=72"}],"curies":[{"name":"wp","href":"https:\/\/api.w.org\/{rel}","templated":true}]}}