{"id":70,"date":"2023-09-06T13:52:51","date_gmt":"2023-09-06T11:52:51","guid":{"rendered":"http:\/\/langageetintegration.com\/index.php\/emplois\/"},"modified":"2024-03-07T14:44:34","modified_gmt":"2024-03-07T13:44:34","slug":"emplois","status":"publish","type":"page","link":"https:\/\/langageetintegration.com\/index.php\/emplois\/","title":{"rendered":"Emplois"},"content":{"rendered":"<p>Offres d&#8217;emplois et de stages<\/p>\n<p>          Nous recrutons pour nos 7 \u00e9tablissements&nbsp;et pour le si\u00e8ge <\/p>\n<p>          Les salari\u00e9s de l\u2019association&nbsp;Langage &amp; Int\u00e9gration&nbsp;exercent une grande diversit\u00e9 de m\u00e9tiers<\/p>\n<p>                CELEM&nbsp;(75)<\/p>\n<p>                PAS D&rsquo;offre actuellement<\/p>\n<p>                CSL Albert Camus (91)<br \/>\n                PAS D&rsquo;offre actuellement<\/p>\n<p>                IDA GATINOT(91) <\/p>\n<p>                PAS D&rsquo;offre actuellement<\/p>\n<p>                CRESN(93) <\/p>\n<p>                PAS D&rsquo;offre actuellement<\/p>\n<p>                SESSAD CR\u00c9TEIL(94)<\/p>\n<p>                PAS D&rsquo;offre actuellemenT<\/p>\n<p>                SESSAD&nbsp;MELUN(77) <\/p>\n<p>                 PAS D&rsquo;offre actuellemenT<\/p>\n<p>                CENTRERABELAIS(60) <\/p>\n<p>                PAS D&rsquo;offre actuellemenT<\/p>\n<p>          Tous les \u00e9tablissements de Langage et<br \/>\nInt\u00e9gration accueillent&nbsp;des enfants&nbsp;qui pr\u00e9sentent une surdit\u00e9<br \/>\nsp\u00e9cifique,&nbsp;profonde ou moyenne avec ou sans troubles associ\u00e9s.&nbsp; <\/p>\n<p>          L\u2019Association d\u00e9cline ces valeurs fortes pour les inscrire&nbsp;dans l\u2019op\u00e9rationnalit\u00e9 et le quotidien de l\u2019accompagnement. <\/p>\n<p>                  Respect de la personne<\/p>\n<p>                        &#x2714;<br \/>\n                       Reconnaissance de chacun dans sa singularit\u00e9, ses besoins, ses choix <\/p>\n<p>                        &#x2714;<br \/>\n                      Affirmation du droit \u00e0 l\u2019inclusion des personnes en situation de handicap <\/p>\n<p>                        &#x2714;<br \/>\n                      Confiance car le bien-\u00eatre des enfants d\u00e9pend de la confiance des personnels en eux et en leurs pratiques <\/p>\n<p>                        &#x2714;<br \/>\n                      Bienveillance afin d\u2019assurer le bien-\u00eatre des enfants et des<br \/>\nprofessionnels au travail, dans le respect des r\u00e8gles r\u00e9publicaines,<br \/>\n\u00e9thiques et des droits et obligations de chacun&nbsp; <\/p>\n<p>                  Excellence<\/p>\n<p>                        &#x2714;<br \/>\n                       Esprit d\u2019\u00e9quipe, Interdisciplinarit\u00e9 et Professionnalisme : capacit\u00e9 \u00e0 \u00e9changer dans un objectif d\u2019efficience des pratiques <\/p>\n<p>                        &#x2714;<br \/>\n                      Engagement professionnel : coh\u00e9sion et esprit d\u2019\u00e9quipe, loyaut\u00e9 des<br \/>\nprofessionnels \u00e0 l\u2019\u00e9gard de l\u2019Association, rigueur dans l\u2019approche<br \/>\nprofessionnelle \u00e0 l\u2019\u00e9gard de l\u2019accompagnement de l\u2019enfant quel que soit<br \/>\nle champ de comp\u00e9tences <\/p>\n<p>                        &#x2714;<br \/>\n                      Partage et transmission d\u2019une culture commune et participative &#8211; notamment des familles,&nbsp; <\/p>\n<p>                        &#x2714;<br \/>\n                      Exigence de l\u2019ensemble des acteurs au service d\u2019un accompagnement de<br \/>\nqualit\u00e9 : proposer un haut niveau de comp\u00e9tences, \u00e9valuer en permanence&nbsp; <\/p>\n<p>                  Proactivit\u00e9<\/p>\n<p>                     D\u00e9passer la r\u00e9ponse aux missions imparties, construire des projets innovants et d\u00e9velopper des pratiques innovantes&nbsp;<br \/>\n                     Rester ouverts aux besoins non couverts<br \/>\n                     Elargir \u00e0 de nouveaux publics ou de nouvelles demandes sociales ex :<br \/>\nacc\u00e8s \u00e0 la langue fran\u00e7aise \u2013 surdit\u00e9 li\u00e9e au vieillissement \u2013 TSL, TSA&nbsp; <\/p>\n<p>                  Coresponsabilit\u00e9<\/p>\n<p>                     Participation et implication de tous les acteurs \u00e0 la mise en \u0153uvre et au respect du Projet Associatif <\/p>\n<p>        Index de l\u2019\u00e9galit\u00e9 professionnelle femmes-hommes&nbsp;<\/p>\n<p>         Nous sommes heureux de vous<br \/>\ninformer des r\u00e9sultats de notre Association concernant l\u2019Index de l\u2019\u00e9galit\u00e9<br \/>\nprofessionnelle femmes-hommes.<br \/>\n. Cet indicateur, mis en place par<br \/>\nle gouvernement fran\u00e7ais, vise \u00e0 mesurer et promouvoir l\u2019\u00e9galit\u00e9 entre les<br \/>\nsexes au sein des entreprises.&nbsp;Nous sommes conscients que<br \/>\nl\u2019\u00e9galit\u00e9 professionnelle est un enjeu essentiel.&nbsp;<br \/>\n          &nbsp;Notre Note Globale&nbsp;Sur l\u2019ann\u00e9e 2023, notre<br \/>\nAssociation a obtenu une note globale de<br \/>\n74\/100 \u00e0 l\u2019Index de l\u2019\u00e9galit\u00e9 professionnelle.Sur l\u2019ann\u00e9e 2022, notre<br \/>\nAssociation a obtenu une note globale de<br \/>\n81\/100 \u00e0 l\u2019Index de l\u2019\u00e9galit\u00e9 professionnelle.&nbsp;<br \/>\n          &nbsp;D\u00e9tail des Indicateurs&nbsp;Voici le d\u00e9tail des indicateurs<br \/>\npris en compte pour le calcul de notre Index :&nbsp;<br \/>\n          &#8211; \u00c9cart de r\u00e9mun\u00e9ration femmes-hommes (40 points)<br \/>\n: Nous avons travaill\u00e9 \u00e0 r\u00e9duire cet \u00e9cart et continuerons \u00e0 le surveiller de<br \/>\npr\u00e8s.&nbsp;<br \/>\n          &#8211;&nbsp;\u00c9cart de r\u00e9partition des augmentations<br \/>\nindividuelles (20 points) : Nous nous engageons \u00e0 garantir une r\u00e9partition<br \/>\n\u00e9quitable des augmentations salariales.&nbsp;<\/p>\n<p>          &#8211;&nbsp;\u00c9cart de r\u00e9partition des promotions (15 points)<br \/>\n: Pour les entreprises de plus de 250 salari\u00e9s, cet indicateur mesure la parit\u00e9<br \/>\ndans les opportunit\u00e9s de promotion.<br \/>\n          &#8211;&nbsp;Nombre de salari\u00e9es augment\u00e9es \u00e0 leur retour de<br \/>\ncong\u00e9 de maternit\u00e9 (15 points) : Nous soutenons activement le retour de nos<br \/>\ncollaboratrices apr\u00e8s un cong\u00e9 maternit\u00e9.<br \/>\n          &#8211;&nbsp;Nombre de personnes du sexe sous-repr\u00e9sent\u00e9<br \/>\nparmi les 10 plus hautes r\u00e9mun\u00e9rations (10 points) : Nous travaillons \u00e0<br \/>\naccro\u00eetre la diversit\u00e9 dans les postes de direction.&nbsp;&nbsp;<\/p>\n","protected":false},"excerpt":{"rendered":"<p>Offres d&#8217;emplois et de stages Nous recrutons pour nos 7 \u00e9tablissements&nbsp;et pour le si\u00e8ge Les salari\u00e9s de l\u2019association&nbsp;Langage &amp; Int\u00e9gration&nbsp;exercent [&hellip;]<\/p>\n","protected":false},"author":1,"featured_media":0,"parent":0,"menu_order":4,"comment_status":"closed","ping_status":"closed","template":"","meta":{"_uag_custom_page_level_css":"","site-sidebar-layout":"default","site-content-layout":"","ast-site-content-layout":"default","site-content-style":"default","site-sidebar-style":"default","ast-global-header-display":"","ast-banner-title-visibility":"","ast-main-header-display":"","ast-hfb-above-header-display":"","ast-hfb-below-header-display":"","ast-hfb-mobile-header-display":"","site-post-title":"","ast-breadcrumbs-content":"","ast-featured-img":"","footer-sml-layout":"","ast-disable-related-posts":"","theme-transparent-header-meta":"","adv-header-id-meta":"","stick-header-meta":"","header-above-stick-meta":"","header-main-stick-meta":"","header-below-stick-meta":"","astra-migrate-meta-layouts":"default","ast-page-background-enabled":"default","ast-page-background-meta":{"desktop":{"background-color":"var(--ast-global-color-5)","background-image":"","background-repeat":"repeat","background-position":"center center","background-size":"auto","background-attachment":"scroll","background-type":"","background-media":"","overlay-type":"","overlay-color":"","overlay-opacity":"","overlay-gradient":""},"tablet":{"background-color":"","background-image":"","background-repeat":"repeat","background-position":"center center","background-size":"auto","background-attachment":"scroll","background-type":"","background-media":"","overlay-type":"","overlay-color":"","overlay-opacity":"","overlay-gradient":""},"mobile":{"background-color":"","background-image":"","background-repeat":"repeat","background-position":"center center","background-size":"auto","background-attachment":"scroll","background-type":"","background-media":"","overlay-type":"","overlay-color":"","overlay-opacity":"","overlay-gradient":""}},"ast-content-background-meta":{"desktop":{"background-color":"var(--ast-global-color-4)","background-image":"","background-repeat":"repeat","background-position":"center center","background-size":"auto","background-attachment":"scroll","background-type":"","background-media":"","overlay-type":"","overlay-color":"","overlay-opacity":"","overlay-gradient":""},"tablet":{"background-color":"var(--ast-global-color-4)","background-image":"","background-repeat":"repeat","background-position":"center center","background-size":"auto","background-attachment":"scroll","background-type":"","background-media":"","overlay-type":"","overlay-color":"","overlay-opacity":"","overlay-gradient":""},"mobile":{"background-color":"var(--ast-global-color-4)","background-image":"","background-repeat":"repeat","background-position":"center center","background-size":"auto","background-attachment":"scroll","background-type":"","background-media":"","overlay-type":"","overlay-color":"","overlay-opacity":"","overlay-gradient":""}},"footnotes":""},"class_list":["post-70","page","type-page","status-publish","hentry"],"uagb_featured_image_src":{"full":false,"thumbnail":false,"medium":false,"medium_large":false,"large":false,"1536x1536":false,"2048x2048":false},"uagb_author_info":{"display_name":"Carole hadjimladis","author_link":"https:\/\/langageetintegration.com\/index.php\/author\/admin6879\/"},"uagb_comment_info":0,"uagb_excerpt":"Offres d&#8217;emplois et de stages Nous recrutons pour nos 7 \u00e9tablissements&nbsp;et pour le si\u00e8ge Les salari\u00e9s de l\u2019association&nbsp;Langage &amp; Int\u00e9gration&nbsp;exercent [&hellip;]","_links":{"self":[{"href":"https:\/\/langageetintegration.com\/index.php\/wp-json\/wp\/v2\/pages\/70","targetHints":{"allow":["GET"]}}],"collection":[{"href":"https:\/\/langageetintegration.com\/index.php\/wp-json\/wp\/v2\/pages"}],"about":[{"href":"https:\/\/langageetintegration.com\/index.php\/wp-json\/wp\/v2\/types\/page"}],"author":[{"embeddable":true,"href":"https:\/\/langageetintegration.com\/index.php\/wp-json\/wp\/v2\/users\/1"}],"replies":[{"embeddable":true,"href":"https:\/\/langageetintegration.com\/index.php\/wp-json\/wp\/v2\/comments?post=70"}],"version-history":[{"count":3,"href":"https:\/\/langageetintegration.com\/index.php\/wp-json\/wp\/v2\/pages\/70\/revisions"}],"predecessor-version":[{"id":130,"href":"https:\/\/langageetintegration.com\/index.php\/wp-json\/wp\/v2\/pages\/70\/revisions\/130"}],"wp:attachment":[{"href":"https:\/\/langageetintegration.com\/index.php\/wp-json\/wp\/v2\/media?parent=70"}],"curies":[{"name":"wp","href":"https:\/\/api.w.org\/{rel}","templated":true}]}}