{"id":68,"date":"2023-09-06T13:52:49","date_gmt":"2023-09-06T11:52:49","guid":{"rendered":"http:\/\/langageetintegration.com\/index.php\/partenaires\/"},"modified":"2023-09-06T13:53:01","modified_gmt":"2023-09-06T11:53:01","slug":"partenaires","status":"publish","type":"page","link":"https:\/\/langageetintegration.com\/index.php\/partenaires\/","title":{"rendered":"Partenaires"},"content":{"rendered":"<p>Nos Partenaires&nbsp;<\/p>\n<p>              \u2714<br \/>\n            L\u2019ARS (Agence R\u00e9gionale de Sant\u00e9)<\/p>\n<p>              \u2714<br \/>\n            L\u2019Education Nationale<\/p>\n<p>              \u2714<br \/>\n            La ville de Noisy-le-Grand<\/p>\n<p>              \u2714<br \/>\n            La ville de Cr\u00e9teil<\/p>\n<p>              \u2714<br \/>\n            La ville de Montgeron<\/p>\n<p>              \u2714<br \/>\n            La ville de Massy<\/p>\n<p>              \u2714<br \/>\n            La ville de Melun<\/p>\n<p>              \u2714<br \/>\n            La ville de Agnetz<\/p>\n<p>              \u2714<br \/>\n            La ville de Clermont<\/p>\n<p>              \u2714<br \/>\n            La ville de Breuil-le-Vert<\/p>\n<p>              \u2714<br \/>\n            La ville de Nogent-sur-Oise<\/p>\n<p>              \u2714<br \/>\n            La ville de Beauvais<\/p>\n<p>              \u2714<br \/>\n            La ville de Compi\u00e8gne<\/p>\n<p>              \u2714<br \/>\n            La ville de Creil<\/p>\n<p>              \u2714<br \/>\n            La mairie du 1er arr. de Paris<\/p>\n<p>              \u2714<br \/>\n            La mairie du 11\u00e8me arr. de Paris<\/p>\n<p>              \u2714<br \/>\n            Les Services Hospitaliers ORL de diagnostic et d\u2019implantologie<\/p>\n<p>              \u2714<br \/>\n            Les CAMSP (Centre d\u2019Action M\u00e9dico-Sociale Pr\u00e9coce)<\/p>\n<p>              \u2714<br \/>\n            Le Centre National de Ressources Laplane&nbsp;pour les troubles de la parole et\/ou du langage<\/p>\n<p>              \u2714<br \/>\n            L\u2019UTES (Unit\u00e9 Th\u00e9rapeutique Enfance et Surdit\u00e9)<\/p>\n<p>              \u2714<br \/>\n            Les CMP (Consultation M\u00e9dico-Psychologique) et CMPP (Centre M\u00e9dico-Psycho-P\u00e9dagogique)<\/p>\n","protected":false},"excerpt":{"rendered":"<p>Nos Partenaires&nbsp; \u2714 L\u2019ARS (Agence R\u00e9gionale de Sant\u00e9) \u2714 L\u2019Education Nationale \u2714 La ville de Noisy-le-Grand \u2714 La ville de [&hellip;]<\/p>\n","protected":false},"author":1,"featured_media":0,"parent":0,"menu_order":2,"comment_status":"closed","ping_status":"closed","template":"","meta":{"_uag_custom_page_level_css":"","site-sidebar-layout":"default","site-content-layout":"","ast-site-content-layout":"default","site-content-style":"default","site-sidebar-style":"default","ast-global-header-display":"","ast-banner-title-visibility":"","ast-main-header-display":"","ast-hfb-above-header-display":"","ast-hfb-below-header-display":"","ast-hfb-mobile-header-display":"","site-post-title":"","ast-breadcrumbs-content":"","ast-featured-img":"","footer-sml-layout":"","ast-disable-related-posts":"","theme-transparent-header-meta":"","adv-header-id-meta":"","stick-header-meta":"","header-above-stick-meta":"","header-main-stick-meta":"","header-below-stick-meta":"","astra-migrate-meta-layouts":"default","ast-page-background-enabled":"default","ast-page-background-meta":{"desktop":{"background-color":"var(--ast-global-color-5)","background-image":"","background-repeat":"repeat","background-position":"center center","background-size":"auto","background-attachment":"scroll","background-type":"","background-media":"","overlay-type":"","overlay-color":"","overlay-opacity":"","overlay-gradient":""},"tablet":{"background-color":"","background-image":"","background-repeat":"repeat","background-position":"center center","background-size":"auto","background-attachment":"scroll","background-type":"","background-media":"","overlay-type":"","overlay-color":"","overlay-opacity":"","overlay-gradient":""},"mobile":{"background-color":"","background-image":"","background-repeat":"repeat","background-position":"center center","background-size":"auto","background-attachment":"scroll","background-type":"","background-media":"","overlay-type":"","overlay-color":"","overlay-opacity":"","overlay-gradient":""}},"ast-content-background-meta":{"desktop":{"background-color":"var(--ast-global-color-4)","background-image":"","background-repeat":"repeat","background-position":"center center","background-size":"auto","background-attachment":"scroll","background-type":"","background-media":"","overlay-type":"","overlay-color":"","overlay-opacity":"","overlay-gradient":""},"tablet":{"background-color":"var(--ast-global-color-4)","background-image":"","background-repeat":"repeat","background-position":"center center","background-size":"auto","background-attachment":"scroll","background-type":"","background-media":"","overlay-type":"","overlay-color":"","overlay-opacity":"","overlay-gradient":""},"mobile":{"background-color":"var(--ast-global-color-4)","background-image":"","background-repeat":"repeat","background-position":"center center","background-size":"auto","background-attachment":"scroll","background-type":"","background-media":"","overlay-type":"","overlay-color":"","overlay-opacity":"","overlay-gradient":""}},"footnotes":""},"class_list":["post-68","page","type-page","status-publish","hentry"],"uagb_featured_image_src":{"full":false,"thumbnail":false,"medium":false,"medium_large":false,"large":false,"1536x1536":false,"2048x2048":false},"uagb_author_info":{"display_name":"Carole hadjimladis","author_link":"https:\/\/langageetintegration.com\/index.php\/author\/admin6879\/"},"uagb_comment_info":0,"uagb_excerpt":"Nos Partenaires&nbsp; \u2714 L\u2019ARS (Agence R\u00e9gionale de Sant\u00e9) \u2714 L\u2019Education Nationale \u2714 La ville de Noisy-le-Grand \u2714 La ville de [&hellip;]","_links":{"self":[{"href":"https:\/\/langageetintegration.com\/index.php\/wp-json\/wp\/v2\/pages\/68","targetHints":{"allow":["GET"]}}],"collection":[{"href":"https:\/\/langageetintegration.com\/index.php\/wp-json\/wp\/v2\/pages"}],"about":[{"href":"https:\/\/langageetintegration.com\/index.php\/wp-json\/wp\/v2\/types\/page"}],"author":[{"embeddable":true,"href":"https:\/\/langageetintegration.com\/index.php\/wp-json\/wp\/v2\/users\/1"}],"replies":[{"embeddable":true,"href":"https:\/\/langageetintegration.com\/index.php\/wp-json\/wp\/v2\/comments?post=68"}],"version-history":[{"count":1,"href":"https:\/\/langageetintegration.com\/index.php\/wp-json\/wp\/v2\/pages\/68\/revisions"}],"predecessor-version":[{"id":87,"href":"https:\/\/langageetintegration.com\/index.php\/wp-json\/wp\/v2\/pages\/68\/revisions\/87"}],"wp:attachment":[{"href":"https:\/\/langageetintegration.com\/index.php\/wp-json\/wp\/v2\/media?parent=68"}],"curies":[{"name":"wp","href":"https:\/\/api.w.org\/{rel}","templated":true}]}}